{"id":260,"date":"2022-02-28T16:31:04","date_gmt":"2022-02-28T16:31:04","guid":{"rendered":"https:\/\/loja.blank.pt\/?page_id=260"},"modified":"2025-04-09T10:19:56","modified_gmt":"2025-04-09T10:19:56","slug":"politica-de-privacidade","status":"publish","type":"page","link":"https:\/\/takeaway.blank.pt\/en\/politica-de-privacidade\/","title":{"rendered":"Privacy Policy"},"content":{"rendered":"<div data-elementor-type=\"wp-page\" data-elementor-id=\"260\" class=\"elementor elementor-260\">\n\t\t\t\t\t\t<section class=\"elementor-section elementor-top-section elementor-element elementor-element-0b15e5a elementor-section-height-min-height elementor-section-items-stretch elementor-section-content-bottom elementor-section-boxed elementor-section-height-default\" data-id=\"0b15e5a\" data-element_type=\"section\" data-e-type=\"section\" data-settings=\"{&quot;background_background&quot;:&quot;classic&quot;}\">\n\t\t\t\t\t\t\t<div class=\"elementor-background-overlay\"><\/div>\n\t\t\t\t\t\t\t<div class=\"elementor-container elementor-column-gap-default\">\n\t\t\t\t\t<div class=\"elementor-column elementor-col-100 elementor-top-column elementor-element elementor-element-fcf45fc\" data-id=\"fcf45fc\" data-element_type=\"column\" data-e-type=\"column\">\n\t\t\t<div class=\"elementor-widget-wrap elementor-element-populated\">\n\t\t\t\t\t\t<section class=\"elementor-section elementor-inner-section elementor-element elementor-element-1463462 elementor-section-boxed elementor-section-height-default elementor-section-height-default\" data-id=\"1463462\" data-element_type=\"section\" data-e-type=\"section\">\n\t\t\t\t\t\t<div class=\"elementor-container elementor-column-gap-no\">\n\t\t\t\t\t<div class=\"elementor-column elementor-col-100 elementor-inner-column elementor-element elementor-element-fd01148\" data-id=\"fd01148\" data-element_type=\"column\" data-e-type=\"column\">\n\t\t\t<div class=\"elementor-widget-wrap elementor-element-populated\">\n\t\t\t\t\t\t<div class=\"elementor-element elementor-element-da47081 elementor-widget elementor-widget-heading\" data-id=\"da47081\" data-element_type=\"widget\" data-e-type=\"widget\" data-widget_type=\"heading.default\">\n\t\t\t\t<div class=\"elementor-widget-container\">\n\t\t\t\t\t<h1 class=\"elementor-heading-title elementor-size-default\">Privacy Policy<\/h1>\t\t\t\t<\/div>\n\t\t\t\t<\/div>\n\t\t\t\t\t<\/div>\n\t\t<\/div>\n\t\t\t\t\t<\/div>\n\t\t<\/section>\n\t\t\t\t<div class=\"elementor-element elementor-element-1cee834 elementor-view-default elementor-invisible elementor-widget elementor-widget-icon\" data-id=\"1cee834\" data-element_type=\"widget\" data-e-type=\"widget\" data-settings=\"{&quot;_animation&quot;:&quot;fadeInUp&quot;}\" data-widget_type=\"icon.default\">\n\t\t\t\t<div class=\"elementor-widget-container\">\n\t\t\t\t\t\t\t<div class=\"elementor-icon-wrapper\">\n\t\t\t<a class=\"elementor-icon elementor-animation-sink\" href=\"https:\/\/blank.pt\/politica-de-privacidade\/#top\">\n\t\t\t<i aria-hidden=\"true\" class=\"icon icon-down-arrow1\"><\/i>\t\t\t<\/a>\n\t\t<\/div>\n\t\t\t\t\t\t<\/div>\n\t\t\t\t<\/div>\n\t\t\t\t\t<\/div>\n\t\t<\/div>\n\t\t\t\t\t<\/div>\n\t\t<\/section>\n\t\t\t\t<section class=\"elementor-section elementor-top-section elementor-element elementor-element-70464c4 elementor-section-boxed elementor-section-height-default elementor-section-height-default\" data-id=\"70464c4\" data-element_type=\"section\" data-e-type=\"section\" id=\"top\" data-settings=\"{&quot;background_background&quot;:&quot;classic&quot;}\">\n\t\t\t\t\t\t<div class=\"elementor-container elementor-column-gap-default\">\n\t\t\t\t\t<div class=\"elementor-column elementor-col-100 elementor-top-column elementor-element elementor-element-f34b3a2\" data-id=\"f34b3a2\" data-element_type=\"column\" data-e-type=\"column\">\n\t\t\t<div class=\"elementor-widget-wrap elementor-element-populated\">\n\t\t\t\t\t\t<section class=\"elementor-section elementor-inner-section elementor-element elementor-element-a48c4f3 elementor-section-boxed elementor-section-height-default elementor-section-height-default\" data-id=\"a48c4f3\" data-element_type=\"section\" data-e-type=\"section\">\n\t\t\t\t\t\t<div class=\"elementor-container elementor-column-gap-default\">\n\t\t\t\t\t<div class=\"elementor-column elementor-col-33 elementor-inner-column elementor-element elementor-element-e72cdb7\" data-id=\"e72cdb7\" data-element_type=\"column\" data-e-type=\"column\">\n\t\t\t<div class=\"elementor-widget-wrap\">\n\t\t\t\t\t\t\t<\/div>\n\t\t<\/div>\n\t\t\t\t<div class=\"elementor-column elementor-col-33 elementor-inner-column elementor-element elementor-element-de77188\" data-id=\"de77188\" data-element_type=\"column\" data-e-type=\"column\">\n\t\t\t<div class=\"elementor-widget-wrap elementor-element-populated\">\n\t\t\t\t\t\t<div class=\"elementor-element elementor-element-c2a8574 elementor-widget elementor-widget-text-editor\" data-id=\"c2a8574\" data-element_type=\"widget\" data-e-type=\"widget\" data-widget_type=\"text-editor.default\">\n\t\t\t\t<div class=\"elementor-widget-container\">\n\t\t\t\t\t\t\t\t\t<p><strong>TERMS AND CONDITIONS<\/strong><\/p><p>This website is the property of Velvetepisode, Lda., hereinafter referred to as \u201cBLANK\u201d (trademark), headquartered at Rua Mestre Martins Correia n.\u00ba 2 \u2013 I, Esc-10., 1050-908 Lisbon, registered at the Lisbon Commercial Registry under the unique number of registration and legal company 514.960.906.<\/p><p>Ao aceder ao s\u00edtio de internet BLANK, em <a href=\"http:\/\/blank.pt\">www.blank.pt<\/a> e <a href=\"http:\/\/takeaway.blank.pt\/en\/\">www.takeaway.blank.pt<\/a> ou ao aceder a qualquer conte\u00fado que nele se encontre, o Utilizador estabelece um acordo com a BLANK e aceita os termos e condi\u00e7\u00f5es que abaixo se apresentam.<\/p><p class=\"translation-block\">Notwithstanding the foregoing, by using the BLANK website, you accept and agree to the terms and conditions of use, including cookies.<\/p><p><strong>Website Nature<\/strong><\/p><p>The BLANK website contains information on the products and services offered by BLANK in the areas of hotels, catering, events, take away and food products.<\/p><p><strong>Website Modifications<\/strong><\/p><p>BLANK reserves the right at any time to change, suspend or discontinue any part or all of its website, including these terms and conditions.<\/p><p>All changes, developments, services and software tools associated with the BLANK website are also subject to the terms and conditions in force at that time.<\/p><p><strong>Liability and Exclusion of Warranties<\/strong><\/p><p>BLANK will endeavor to ensure that all information contained on its website is up-to-date and accurate. BLANK will not be responsible for any loss, damage of any nature, or any act resulting from the viewing or use of its website, even if it is due to inaccuracy, omission or any other cause associated with its management.<\/p><p>The use and reading of the contents of the BLANK website is solely at the User's own risk, and it is his sole responsibility, as a User, to assess the accuracy, completeness, usefulness and suitability, for any purpose, of said contents.<\/p><p>BLANK does not provide any guarantees, express or implied, regarding the use of the website and the contents contained therein, not assuming any responsibility for any errors and\/or omissions in the information provided therein.<\/p><p class=\"translation-block\">BLANK excludes any liability for any damages, viruses and\/or other malware, which may infect the User's computer or any other mobile device, when accessing or browsing the BLANK website or downloading to your computer or mobile device content from the BLANK website.<\/p><p class=\"translation-block\">The User is solely responsible for implementing appropriate procedures and checking for infections, viruses and other malware (including periodic antivirus and computer security checks).<\/p><p>Any attempts to change the information, or any other action that could cause damage and jeopardize the integrity of the system, are strictly prohibited according to the legislation in force. The User undertakes to scrupulously comply with the applicable legislation, namely in terms of computer crime and intellectual property rights, being exclusively responsible for the infringement of these regulations.<\/p><p>The visualization of legal provisions on this website does not exempt the User from consulting the legal rules in force, officially approved, published in the original editions (namely the Di\u00e1rio da Rep\u00fablica or the Official Journal of the European Union).<\/p><p><strong>Intellectual and Industrial Property<\/strong><\/p><p>The BLANK website contains references to trademarks, copyrights, patents, logos or other proprietary rights.<\/p><p>The contents of the pages of this website are protected by Copyright and Related Rights, and Industrial Property Rights.<\/p><p>All texts, images, illustrations, photographs, advertising, trademarks and other elements of the website's content are protected by law, and any copying, reproduction, dissemination or transmission, use, modification, sale, publication, distribution or any other use is expressly prohibited, in whole or in part, whatever the means used. The reproduction or representation of all or part of these distinctive signs is strictly prohibited and must be subject to prior written authorization from the respective owners.<\/p><p>The free uses authorized by law are excluded from this prohibition, namely the right to quote, provided that its origin is clearly identified or the use of existing tools on the website, of which the sharing of information through social networks is an example.<\/p><p class=\"translation-block\">The BLANK website contains hyperlinks to other electronic websites, which are controlled and managed by other persons and entities, which are made available only for the sake of ease, and BLANK does not provide any guarantees or statements regarding said contents, it is recommended to consult the privacy policies applicable to these electronic websites.<\/p><p>BLANK is not responsible for the respective contents, nor for any damages that they may cause. If the User has any problem related to electronic websites external to the BLANK website, he\/she should contact the administrators of these same electronic websites directly.<\/p><p class=\"translation-block\">The decision to access the electronic websites whose hyperlinks are made available is entirely at the User's own risk.<\/p><p><strong>Safety in Using the Website<\/strong><\/p><p>The User is solely responsible for the use, protection and secrecy of any password and\/or e-mail verification number that may be provided, or selected by the User, for use on or through the BLANK website. The User must immediately notify BLANK of any unauthorized use or breach of security that he becomes aware of in relation to the BLANK website.<\/p><p><strong>Applicability<\/strong><\/p><p>The contents and access to the BLANK website are controlled and managed by BLANK from Portugal. When visiting the BLANK website from other locations, the User does so on his\/her own initiative, being responsible for compliance with all applicable laws.<\/p><p><strong>***<\/strong><\/p><p><strong>PRIVACY POLICY<\/strong><br \/><strong><br \/>Information Voluntarily Provided by the User<\/strong><\/p><p>In compliance with the General Data Protection Regulation (EU Regulation 2016\/679, of April 27, 2016), we inform that the personal data provided for the purposes indicated below, expressly and voluntarily by the Users of the BLANK website, will be integrated into an automated file under the responsibility of Velvetepisode, Lda., headquartered at Rua Mestre Martins Correia n.\u00ba 2 \u2013 I, Esc-10., 1050-908 Lisbon, registered at the Commercial Registry of Lisbon under the unique registration number and corporate entity 514.960.906.<\/p><p>Individuals to whom the data relate are holders of personal data.<\/p><p>BLANK may process the following categories of personal data:<br \/>\u00b7 Identification data (e.g. name, email address, contacts);<br \/>. Professional data (e.g. job title, company, work address).<\/p><p>BLANK, as responsible for the processing of the information, observes the quality of the personal data of the users of its website and the legitimacy of its treatment in the legal terms, namely the lawfulness of the treatment of the same, the subsequent non-use for purposes other than those stated.<br \/><strong><br \/>Purpose of Processing Personal Data<\/strong><\/p><p>The personal data collected by BLANK is used for the following purposes:<\/p><p class=\"translation-block\">a. <u>Supply of products and services<\/u>: Personal data is collected in the information and quote request forms, for the purposes indicated and under the conditions described in the respective forms.<\/p><p class=\"translation-block\">b. <u>Communication and Marketing<\/u>: BLANK may use personal data to communicate services and products and provide assistance in terms of customer support. When subscribing to the BLANK newsletter, only the email address is collected, which is kept for the duration of the subscription or until its cancellation is confirmed by the holder.<\/p><p class=\"translation-block\">c. <u>Fulfillment of obligations<\/u>: BLANK may communicate personal data to fulfill obligations under the Law, to which BLANK is bound or to third parties responsible for managing the BLANK website.<\/p><p><strong>Data Retention Term<\/strong><\/p><p>The data provided by the User, under the terms and for the purposes indicated above, will only be kept for the period necessary for the purposes for which they are processed and may be transmitted, for the same purposes, to other entities whose communication is determined by law.<\/p><p>The User is solely responsible for the personal information provided. The personal information provided must be accurate and complete, including all registration details (where applicable).<\/p><p><strong>Data Holder Rights<\/strong><\/p><p>Under the law, the User has the right to access their personal data, to update, rectify and delete them, as well as to oppose the processing of their data.<\/p><p>For this purpose, the User must send his\/her request in writing via the email address <a href=\"mailto:geral@blank.pt\">geral@blank.pt<\/a>.<\/p><p>The User also has the right, regarding the processing of their personal data, to file complaints with the competent supervisory authority, specifically with the National Data Protection Commission.<\/p><p><strong>Personal Data Security<\/strong><\/p><p>BLANK seeks to adopt the necessary security measures to protect the User's personal data against misuse or unauthorized access.<\/p><p>Although BLANK is committed to the protection and privacy of the User's personal data, it cannot guarantee the complete elimination of the risk of misuse of such personal data by third parties, so the online disclosure of such data by the User is at their own risk.<\/p><p><strong>Changes to the Privacy Policy<\/strong><\/p><p>BLANK reserves the right to change the Privacy Policy, so you are advised to read this document regularly. More detailed information on the protection of personal data can be obtained by consulting Law no. 67\/98, of October 26, which approved the Personal Data Protection Law and in <a href=\"http:\/\/www.cnpd.pt\/\">www.cnpd.pt<\/a><\/p><p><strong>***<\/strong><\/p><p class=\"translation-block\"><strong>COOKIES POLICY<\/strong><\/p><p><em><strong>Cookies<\/strong><\/em><\/p><p class=\"translation-block\">BLANK uses cookies on its websites to improve the performance and browsing experience of its users. The placement of cookies helps websites to recognize the user's device on the next visit and is often essential for its operation.<\/p><p class=\"translation-block\">The cookies used by BLANK do not collect personal information to identify the user, keeping only generic information, namely the form or region\/city of access, among others.<\/p><p class=\"translation-block\">The cookies used on BLANK's websites and portals are as follows:<\/p><ul><li class=\"translation-block\"><u>Essential<\/u> \u2013 necessary for browsing the website, guaranteeing access to its private areas, in order to allow the performance of services, namely, session cookies.<\/li><li class=\"translation-block\"><u>Analytics<\/u> \u2013 necessary to collect information for statistical analysis of navigation and use of the website, namely Google.<\/li><\/ul><p class=\"translation-block\">If you need further clarification on the use of cookies on our website, please send us an email to geral@blank.pt<\/a>.<\/p>\t\t\t\t\t\t\t\t<\/div>\n\t\t\t\t<\/div>\n\t\t\t\t\t<\/div>\n\t\t<\/div>\n\t\t\t\t<div class=\"elementor-column elementor-col-33 elementor-inner-column elementor-element elementor-element-9f92ae8\" data-id=\"9f92ae8\" data-element_type=\"column\" data-e-type=\"column\">\n\t\t\t<div class=\"elementor-widget-wrap\">\n\t\t\t\t\t\t\t<\/div>\n\t\t<\/div>\n\t\t\t\t\t<\/div>\n\t\t<\/section>\n\t\t\t\t\t<\/div>\n\t\t<\/div>\n\t\t\t\t\t<\/div>\n\t\t<\/section>\n\t\t\t\t<\/div>","protected":false},"excerpt":{"rendered":"<p>pol\u00edtica de privacidade TERMOS E CONDI\u00c7\u00d5ES O presente s\u00edtio de internet \u00e9 propriedade da Velvetepisode, Lda., doravante designada pela forma &#8220;BLANK&#8221; (marca registada), com sede na Rua Mestre Martins Correia n.\u00ba 2 &#8211; I, Esc-10., 1050-908 Lisboa, registada na Conservat\u00f3ria do Registo Comercial de Lisboa sob o n\u00famero \u00fanico de matr\u00edcula e de pessoa coletiva [&hellip;]<\/p>\n","protected":false},"author":1,"featured_media":0,"parent":0,"menu_order":0,"comment_status":"closed","ping_status":"closed","template":"elementor_header_footer","meta":{"footnotes":""},"class_list":["post-260","page","type-page","status-publish","hentry"],"yoast_head":"<!-- This site is optimized with the Yoast SEO plugin v27.3 - https:\/\/yoast.com\/product\/yoast-seo-wordpress\/ -->\n<title>Pol\u00edtica de Privacidade - Blank - Take Away<\/title>\n<meta name=\"robots\" content=\"index, follow, max-snippet:-1, max-image-preview:large, max-video-preview:-1\" \/>\n<link rel=\"canonical\" href=\"https:\/\/takeaway.blank.pt\/en\/politica-de-privacidade\/\" \/>\n<meta property=\"og:locale\" content=\"en_GB\" \/>\n<meta property=\"og:type\" content=\"article\" \/>\n<meta property=\"og:title\" content=\"Pol\u00edtica de Privacidade - Blank - Take Away\" \/>\n<meta property=\"og:description\" content=\"pol\u00edtica de privacidade TERMOS E CONDI\u00c7\u00d5ES O presente s\u00edtio de internet \u00e9 propriedade da Velvetepisode, Lda., doravante designada pela forma &#8220;BLANK&#8221; (marca registada), com sede na Rua Mestre Martins Correia n.\u00ba 2 &#8211; I, Esc-10., 1050-908 Lisboa, registada na Conservat\u00f3ria do Registo Comercial de Lisboa sob o n\u00famero \u00fanico de matr\u00edcula e de pessoa coletiva [&hellip;]\" \/>\n<meta property=\"og:url\" content=\"https:\/\/takeaway.blank.pt\/en\/politica-de-privacidade\/\" \/>\n<meta property=\"og:site_name\" content=\"Blank - Take Away\" \/>\n<meta property=\"article:modified_time\" content=\"2025-04-09T10:19:56+00:00\" \/>\n<meta name=\"twitter:card\" content=\"summary_large_image\" \/>\n<meta name=\"twitter:label1\" content=\"Estimated reading time\" \/>\n\t<meta name=\"twitter:data1\" content=\"10 minutes\" \/>\n<script type=\"application\/ld+json\" class=\"yoast-schema-graph\">{\"@context\":\"https:\\\/\\\/schema.org\",\"@graph\":[{\"@type\":\"WebPage\",\"@id\":\"https:\\\/\\\/takeaway.blank.pt\\\/politica-de-privacidade\\\/\",\"url\":\"https:\\\/\\\/takeaway.blank.pt\\\/politica-de-privacidade\\\/\",\"name\":\"Pol\u00edtica de Privacidade - Blank - Take Away\",\"isPartOf\":{\"@id\":\"https:\\\/\\\/takeaway.blank.pt\\\/#website\"},\"datePublished\":\"2022-02-28T16:31:04+00:00\",\"dateModified\":\"2025-04-09T10:19:56+00:00\",\"breadcrumb\":{\"@id\":\"https:\\\/\\\/takeaway.blank.pt\\\/politica-de-privacidade\\\/#breadcrumb\"},\"inLanguage\":\"en-GB\",\"potentialAction\":[{\"@type\":\"ReadAction\",\"target\":[\"https:\\\/\\\/takeaway.blank.pt\\\/politica-de-privacidade\\\/\"]}]},{\"@type\":\"BreadcrumbList\",\"@id\":\"https:\\\/\\\/takeaway.blank.pt\\\/politica-de-privacidade\\\/#breadcrumb\",\"itemListElement\":[{\"@type\":\"ListItem\",\"position\":1,\"name\":\"In\u00edcio\",\"item\":\"https:\\\/\\\/takeaway.blank.pt\\\/\"},{\"@type\":\"ListItem\",\"position\":2,\"name\":\"Pol\u00edtica de Privacidade\"}]},{\"@type\":\"WebSite\",\"@id\":\"https:\\\/\\\/takeaway.blank.pt\\\/#website\",\"url\":\"https:\\\/\\\/takeaway.blank.pt\\\/\",\"name\":\"Blank - Take Away\",\"description\":\"Take Away\",\"publisher\":{\"@id\":\"https:\\\/\\\/takeaway.blank.pt\\\/#organization\"},\"potentialAction\":[{\"@type\":\"SearchAction\",\"target\":{\"@type\":\"EntryPoint\",\"urlTemplate\":\"https:\\\/\\\/takeaway.blank.pt\\\/?s={search_term_string}\"},\"query-input\":{\"@type\":\"PropertyValueSpecification\",\"valueRequired\":true,\"valueName\":\"search_term_string\"}}],\"inLanguage\":\"en-GB\"},{\"@type\":\"Organization\",\"@id\":\"https:\\\/\\\/takeaway.blank.pt\\\/#organization\",\"name\":\"Blank - Take Away\",\"url\":\"https:\\\/\\\/takeaway.blank.pt\\\/\",\"logo\":{\"@type\":\"ImageObject\",\"inLanguage\":\"en-GB\",\"@id\":\"https:\\\/\\\/takeaway.blank.pt\\\/#\\\/schema\\\/logo\\\/image\\\/\",\"url\":\"https:\\\/\\\/takeaway.blank.pt\\\/wp-content\\\/uploads\\\/sites\\\/2\\\/2021\\\/10\\\/cropped-Blank-Logo-White.png\",\"contentUrl\":\"https:\\\/\\\/takeaway.blank.pt\\\/wp-content\\\/uploads\\\/sites\\\/2\\\/2021\\\/10\\\/cropped-Blank-Logo-White.png\",\"width\":1400,\"height\":400,\"caption\":\"Blank - Take Away\"},\"image\":{\"@id\":\"https:\\\/\\\/takeaway.blank.pt\\\/#\\\/schema\\\/logo\\\/image\\\/\"}}]}<\/script>\n<!-- \/ Yoast SEO plugin. -->","yoast_head_json":{"title":"Pol\u00edtica de Privacidade - Blank - Take Away","robots":{"index":"index","follow":"follow","max-snippet":"max-snippet:-1","max-image-preview":"max-image-preview:large","max-video-preview":"max-video-preview:-1"},"canonical":"https:\/\/takeaway.blank.pt\/en\/politica-de-privacidade\/","og_locale":"en_GB","og_type":"article","og_title":"Pol\u00edtica de Privacidade - Blank - Take Away","og_description":"pol\u00edtica de privacidade TERMOS E CONDI\u00c7\u00d5ES O presente s\u00edtio de internet \u00e9 propriedade da Velvetepisode, Lda., doravante designada pela forma &#8220;BLANK&#8221; (marca registada), com sede na Rua Mestre Martins Correia n.\u00ba 2 &#8211; I, Esc-10., 1050-908 Lisboa, registada na Conservat\u00f3ria do Registo Comercial de Lisboa sob o n\u00famero \u00fanico de matr\u00edcula e de pessoa coletiva [&hellip;]","og_url":"https:\/\/takeaway.blank.pt\/en\/politica-de-privacidade\/","og_site_name":"Blank - Take Away","article_modified_time":"2025-04-09T10:19:56+00:00","twitter_card":"summary_large_image","twitter_misc":{"Estimated reading time":"10 minutes"},"schema":{"@context":"https:\/\/schema.org","@graph":[{"@type":"WebPage","@id":"https:\/\/takeaway.blank.pt\/politica-de-privacidade\/","url":"https:\/\/takeaway.blank.pt\/politica-de-privacidade\/","name":"Pol\u00edtica de Privacidade - Blank - Take Away","isPartOf":{"@id":"https:\/\/takeaway.blank.pt\/#website"},"datePublished":"2022-02-28T16:31:04+00:00","dateModified":"2025-04-09T10:19:56+00:00","breadcrumb":{"@id":"https:\/\/takeaway.blank.pt\/politica-de-privacidade\/#breadcrumb"},"inLanguage":"en-GB","potentialAction":[{"@type":"ReadAction","target":["https:\/\/takeaway.blank.pt\/politica-de-privacidade\/"]}]},{"@type":"BreadcrumbList","@id":"https:\/\/takeaway.blank.pt\/politica-de-privacidade\/#breadcrumb","itemListElement":[{"@type":"ListItem","position":1,"name":"In\u00edcio","item":"https:\/\/takeaway.blank.pt\/"},{"@type":"ListItem","position":2,"name":"Pol\u00edtica de Privacidade"}]},{"@type":"WebSite","@id":"https:\/\/takeaway.blank.pt\/#website","url":"https:\/\/takeaway.blank.pt\/","name":"Blank - Take Away","description":"Take Away","publisher":{"@id":"https:\/\/takeaway.blank.pt\/#organization"},"potentialAction":[{"@type":"SearchAction","target":{"@type":"EntryPoint","urlTemplate":"https:\/\/takeaway.blank.pt\/?s={search_term_string}"},"query-input":{"@type":"PropertyValueSpecification","valueRequired":true,"valueName":"search_term_string"}}],"inLanguage":"en-GB"},{"@type":"Organization","@id":"https:\/\/takeaway.blank.pt\/#organization","name":"Blank - Take Away","url":"https:\/\/takeaway.blank.pt\/","logo":{"@type":"ImageObject","inLanguage":"en-GB","@id":"https:\/\/takeaway.blank.pt\/#\/schema\/logo\/image\/","url":"https:\/\/takeaway.blank.pt\/wp-content\/uploads\/sites\/2\/2021\/10\/cropped-Blank-Logo-White.png","contentUrl":"https:\/\/takeaway.blank.pt\/wp-content\/uploads\/sites\/2\/2021\/10\/cropped-Blank-Logo-White.png","width":1400,"height":400,"caption":"Blank - Take Away"},"image":{"@id":"https:\/\/takeaway.blank.pt\/#\/schema\/logo\/image\/"}}]}},"_links":{"self":[{"href":"https:\/\/takeaway.blank.pt\/en\/wp-json\/wp\/v2\/pages\/260","targetHints":{"allow":["GET"]}}],"collection":[{"href":"https:\/\/takeaway.blank.pt\/en\/wp-json\/wp\/v2\/pages"}],"about":[{"href":"https:\/\/takeaway.blank.pt\/en\/wp-json\/wp\/v2\/types\/page"}],"author":[{"embeddable":true,"href":"https:\/\/takeaway.blank.pt\/en\/wp-json\/wp\/v2\/users\/1"}],"replies":[{"embeddable":true,"href":"https:\/\/takeaway.blank.pt\/en\/wp-json\/wp\/v2\/comments?post=260"}],"version-history":[{"count":22,"href":"https:\/\/takeaway.blank.pt\/en\/wp-json\/wp\/v2\/pages\/260\/revisions"}],"predecessor-version":[{"id":661,"href":"https:\/\/takeaway.blank.pt\/en\/wp-json\/wp\/v2\/pages\/260\/revisions\/661"}],"wp:attachment":[{"href":"https:\/\/takeaway.blank.pt\/en\/wp-json\/wp\/v2\/media?parent=260"}],"curies":[{"name":"wp","href":"https:\/\/api.w.org\/{rel}","templated":true}]}}